{"id":33,"date":"2023-02-10T12:14:10","date_gmt":"2023-02-10T11:14:10","guid":{"rendered":"https:\/\/orofacialsleepacademy.com\/?page_id=33"},"modified":"2023-02-13T13:50:17","modified_gmt":"2023-02-13T12:50:17","slug":"who-we-are","status":"publish","type":"page","link":"https:\/\/orofacialsleepacademy.com\/","title":{"rendered":"WHO WE ARE"},"content":{"rendered":"<p>[et_pb_section fb_built=\u00bb1&#8243; _builder_version=\u00bb4.19.5&#8243; _module_preset=\u00bbdefault\u00bb background_color=\u00bb#003546&#8243; background_image=\u00bbhttps:\/\/orofacialsleepacademy.com\/wp-content\/uploads\/2023\/02\/logo-icon-osa.png\u00bb background_size=\u00bbcontain\u00bb background_position=\u00bbcenter_left\u00bb background_blend=\u00bblighten\u00bb top_divider_style=\u00bbramp\u00bb top_divider_color=\u00bbrgba(255,255,255,0.5)\u00bb top_divider_height=\u00bb40px\u00bb top_divider_repeat=\u00bb1x\u00bb bottom_divider_style=\u00bbramp\u00bb bottom_divider_color=\u00bbrgba(255,255,255,0.5)\u00bb bottom_divider_height=\u00bb40px\u00bb global_colors_info=\u00bb{}\u00bb][et_pb_row _builder_version=\u00bb4.19.5&#8243; _module_preset=\u00bbdefault\u00bb global_colors_info=\u00bb{}\u00bb][et_pb_column type=\u00bb4_4&#8243; _builder_version=\u00bb4.19.5&#8243; _module_preset=\u00bbdefault\u00bb global_colors_info=\u00bb{}\u00bb][et_pb_text _builder_version=\u00bb4.19.5&#8243; _module_preset=\u00bbdefault\u00bb header_font=\u00bb|700|||||||\u00bb header_text_color=\u00bb#FFFFFF\u00bb global_colors_info=\u00bb{}\u00bb]<\/p>\n<h1 style=\"text-align: center;\">WHO WE ARE<\/h1>\n<p>[\/et_pb_text][\/et_pb_column][\/et_pb_row][et_pb_row _builder_version=\u00bb4.19.5&#8243; _module_preset=\u00bbdefault\u00bb global_colors_info=\u00bb{}\u00bb][et_pb_column type=\u00bb4_4&#8243; _builder_version=\u00bb4.19.5&#8243; _module_preset=\u00bbdefault\u00bb global_colors_info=\u00bb{}\u00bb][et_pb_text _builder_version=\u00bb4.19.5&#8243; _module_preset=\u00bbdefault\u00bb text_font=\u00bb|300|||||||\u00bb text_text_color=\u00bb#003546&#8243; text_font_size=\u00bb15px\u00bb background_color=\u00bb#FFFFFF\u00bb custom_padding=\u00bb25px|25px|25px|25px|false|false\u00bb border_radii=\u00bbon|20px|20px|20px|20px\u00bb border_width_all=\u00bb6px\u00bb border_color_all=\u00bb#d5a600&#8243; border_width_top=\u00bb0px\u00bb border_color_bottom=\u00bb#d5a600&#8243; global_colors_info=\u00bb{}\u00bb]<\/p>\n<p><strong>The orofacial sleep Academy (OSA)<\/strong> is an international, independent, interdisciplinary faculty that provides educational courses for advancing knowledge of orofacial sleep medicine in its relationship to science and patient care.<\/p>\n<p>[\/et_pb_text][\/et_pb_column][\/et_pb_row][\/et_pb_section][et_pb_section fb_built=\u00bb1&#8243; _builder_version=\u00bb4.19.5&#8243; _module_preset=\u00bbdefault\u00bb use_background_color_gradient=\u00bbon\u00bb background_color_gradient_direction=\u00bb115deg\u00bb background_color_gradient_stops=\u00bb#ffffff 52%|rgba(0,53,70,0) 100%\u00bb background_color_gradient_overlays_image=\u00bbon\u00bb background_image=\u00bbhttps:\/\/orofacialsleepacademy.com\/wp-content\/uploads\/2023\/02\/imagen-1.jpg\u00bb parallax=\u00bbon\u00bb global_colors_info=\u00bb{}\u00bb][et_pb_row column_structure=\u00bb1_2,1_2&#8243; _builder_version=\u00bb4.19.5&#8243; _module_preset=\u00bbdefault\u00bb global_colors_info=\u00bb{}\u00bb][et_pb_column type=\u00bb1_2&#8243; _builder_version=\u00bb4.19.5&#8243; _module_preset=\u00bbdefault\u00bb global_colors_info=\u00bb{}\u00bb][et_pb_text _builder_version=\u00bb4.19.5&#8243; _module_preset=\u00bbdefault\u00bb header_font=\u00bb|700||on|||||\u00bb header_text_color=\u00bb#003546&#8243; global_colors_info=\u00bb{}\u00bb]<\/p>\n<h1 style=\"text-align: center;\">Our mission<\/h1>\n<p>[\/et_pb_text][et_pb_text _builder_version=\u00bb4.19.5&#8243; _module_preset=\u00bbdefault\u00bb text_font=\u00bb|300|||||||\u00bb text_text_color=\u00bb#003546&#8243; text_font_size=\u00bb15px\u00bb background_color=\u00bb#FFFFFF\u00bb custom_padding=\u00bb25px|25px|25px|25px|false|false\u00bb global_colors_info=\u00bb{}\u00bb]<\/p>\n<p>Our academy aims to empower health professionals of various fields and students to strengthen their expertise in orofacial sleep medicine.<\/p>\n<p>[\/et_pb_text][et_pb_divider divider_weight=\u00bb6px\u00bb _builder_version=\u00bb4.19.5&#8243; _module_preset=\u00bbdefault\u00bb global_colors_info=\u00bb{}\u00bb][\/et_pb_divider][\/et_pb_column][et_pb_column type=\u00bb1_2&#8243; _builder_version=\u00bb4.19.5&#8243; _module_preset=\u00bbdefault\u00bb global_colors_info=\u00bb{}\u00bb][\/et_pb_column][\/et_pb_row][\/et_pb_section][et_pb_section fb_built=\u00bb1&#8243; _builder_version=\u00bb4.19.5&#8243; _module_preset=\u00bbdefault\u00bb background_color=\u00bb#d5a600&#8243; background_enable_image=\u00bboff\u00bb background_size=\u00bbcontain\u00bb background_position=\u00bbcenter_left\u00bb background_blend=\u00bblighten\u00bb top_divider_style=\u00bbramp\u00bb top_divider_color=\u00bbrgba(255,255,255,0.5)\u00bb top_divider_height=\u00bb40px\u00bb top_divider_repeat=\u00bb1x\u00bb bottom_divider_style=\u00bbramp\u00bb bottom_divider_color=\u00bbrgba(255,255,255,0.5)\u00bb bottom_divider_height=\u00bb40px\u00bb global_colors_info=\u00bb{}\u00bb][et_pb_row _builder_version=\u00bb4.19.5&#8243; _module_preset=\u00bbdefault\u00bb global_colors_info=\u00bb{}\u00bb][et_pb_column type=\u00bb4_4&#8243; _builder_version=\u00bb4.19.5&#8243; _module_preset=\u00bbdefault\u00bb global_colors_info=\u00bb{}\u00bb][et_pb_text _builder_version=\u00bb4.19.5&#8243; _module_preset=\u00bbdefault\u00bb header_font=\u00bb|700||on|||||\u00bb header_text_color=\u00bb#003546&#8243; global_colors_info=\u00bb{}\u00bb]<\/p>\n<h1 style=\"text-align: center;\">Course offer<\/h1>\n<p>[\/et_pb_text][\/et_pb_column][\/et_pb_row][et_pb_row _builder_version=\u00bb4.19.5&#8243; _module_preset=\u00bbdefault\u00bb background_color=\u00bbRGBA(255,255,255,0)\u00bb global_colors_info=\u00bb{}\u00bb][et_pb_column type=\u00bb4_4&#8243; _builder_version=\u00bb4.19.5&#8243; _module_preset=\u00bbdefault\u00bb global_colors_info=\u00bb{}\u00bb][et_pb_text _builder_version=\u00bb4.19.5&#8243; _module_preset=\u00bbdefault\u00bb text_font=\u00bb|300|||||||\u00bb text_text_color=\u00bb#003546&#8243; text_font_size=\u00bb15px\u00bb background_color=\u00bbRGBA(255,255,255,0)\u00bb custom_padding=\u00bb25px|25px|25px|25px|false|false\u00bb hover_enabled=\u00bb0&#8243; global_colors_info=\u00bb{}\u00bb sticky_enabled=\u00bb0&#8243;]<\/p>\n<p style=\"text-align: center;\">The first <strong>OSA hands-On Course<\/strong> will be offered in <strong>Lisbon<\/strong> on <strong>March 25-26, 2023<\/strong>.<\/p>\n<p>[\/et_pb_text][et_pb_button button_url=\u00bb@ET-DC@eyJkeW5hbWljIjp0cnVlLCJjb250ZW50IjoicG9zdF9saW5rX3VybF9wYWdlIiwic2V0dGluZ3MiOnsicG9zdF9pZCI6IjYwIn19@\u00bb button_text=\u00bbGo to course page\u00bb button_alignment=\u00bbcenter\u00bb _builder_version=\u00bb4.19.5&#8243; _dynamic_attributes=\u00bbbutton_url\u00bb _module_preset=\u00bbdefault\u00bb custom_button=\u00bbon\u00bb button_text_size=\u00bb20px\u00bb button_text_color=\u00bb#d5a600&#8243; button_bg_color=\u00bb#003546&#8243; button_border_radius=\u00bb40px\u00bb button_font=\u00bb|||on|||||\u00bb global_colors_info=\u00bb{}\u00bb][\/et_pb_button][\/et_pb_column][\/et_pb_row][\/et_pb_section][et_pb_section fb_built=\u00bb1&#8243; _builder_version=\u00bb4.19.5&#8243; _module_preset=\u00bbdefault\u00bb background_color=\u00bb#003546&#8243; background_enable_image=\u00bboff\u00bb background_size=\u00bbcontain\u00bb background_position=\u00bbcenter_left\u00bb background_blend=\u00bblighten\u00bb top_divider_style=\u00bbramp\u00bb top_divider_color=\u00bbrgba(255,255,255,0.5)\u00bb top_divider_height=\u00bb40px\u00bb top_divider_repeat=\u00bb1x\u00bb bottom_divider_style=\u00bbramp\u00bb bottom_divider_color=\u00bbrgba(255,255,255,0.5)\u00bb bottom_divider_height=\u00bb40px\u00bb global_colors_info=\u00bb{}\u00bb][et_pb_row _builder_version=\u00bb4.19.5&#8243; _module_preset=\u00bbdefault\u00bb global_colors_info=\u00bb{}\u00bb][et_pb_column type=\u00bb4_4&#8243; _builder_version=\u00bb4.19.5&#8243; _module_preset=\u00bbdefault\u00bb global_colors_info=\u00bb{}\u00bb][et_pb_text _builder_version=\u00bb4.19.5&#8243; _module_preset=\u00bbdefault\u00bb header_font=\u00bb|700|||||||\u00bb header_text_color=\u00bb#FFFFFF\u00bb global_colors_info=\u00bb{}\u00bb]<\/p>\n<h1 style=\"text-align: center;\">CONTACT<\/h1>\n<p>[\/et_pb_text][\/et_pb_column][\/et_pb_row][\/et_pb_section][et_pb_section fb_built=\u00bb1&#8243; _builder_version=\u00bb4.19.5&#8243; _module_preset=\u00bbdefault\u00bb global_colors_info=\u00bb{}\u00bb][et_pb_row _builder_version=\u00bb4.19.5&#8243; _module_preset=\u00bbdefault\u00bb global_colors_info=\u00bb{}\u00bb][et_pb_column type=\u00bb4_4&#8243; _builder_version=\u00bb4.19.5&#8243; _module_preset=\u00bbdefault\u00bb global_colors_info=\u00bb{}\u00bb][et_pb_text _builder_version=\u00bb4.19.5&#8243; _module_preset=\u00bbdefault\u00bb text_font=\u00bb|700||||on|||\u00bb text_text_color=\u00bb#003546&#8243; text_font_size=\u00bb20px\u00bb background_color=\u00bb#FFFFFF\u00bb custom_padding=\u00bb25px|25px|25px|25px|false|false\u00bb global_colors_info=\u00bb{}\u00bb]<\/p>\n<p style=\"text-align: center;\"><strong>Associa\u00e7\u00e3o para a Investiga\u00e7\u00e3o e Desenvolvimento da Faculdade de Medicina (AIDFM)<\/strong><\/p>\n<p>[\/et_pb_text][\/et_pb_column][\/et_pb_row][et_pb_row column_structure=\u00bb1_3,1_3,1_3&#8243; _builder_version=\u00bb4.19.5&#8243; _module_preset=\u00bbdefault\u00bb global_colors_info=\u00bb{}\u00bb][et_pb_column type=\u00bb1_3&#8243; _builder_version=\u00bb4.19.5&#8243; _module_preset=\u00bbdefault\u00bb global_colors_info=\u00bb{}\u00bb][et_pb_blurb title=\u00bbaddress\u00bb use_icon=\u00bbon\u00bb font_icon=\u00bb&#xf21d;||fa||900&#8243; image_icon_background_color=\u00bbRGBA(255,255,255,0)\u00bb image_icon_width=\u00bb40px\u00bb _builder_version=\u00bb4.19.5&#8243; _module_preset=\u00bbdefault\u00bb header_font=\u00bb|700||on|||||\u00bb header_text_align=\u00bbcenter\u00bb header_text_color=\u00bb#d5a600&#8243; body_font=\u00bb||||||||\u00bb body_text_color=\u00bb#003546&#8243; text_orientation=\u00bbcenter\u00bb global_colors_info=\u00bb{}\u00bb]<\/p>\n<p>Av. Prof. Egas Moniz, piso 01, 1649-028 Lisbon, Portugal<\/p>\n<p>[\/et_pb_blurb][\/et_pb_column][et_pb_column type=\u00bb1_3&#8243; _builder_version=\u00bb4.19.5&#8243; _module_preset=\u00bbdefault\u00bb global_colors_info=\u00bb{}\u00bb][et_pb_blurb title=\u00bbmail\u00bb use_icon=\u00bbon\u00bb font_icon=\u00bb&#xf1d8;||fa||900&#8243; image_icon_background_color=\u00bbRGBA(255,255,255,0)\u00bb image_icon_width=\u00bb40px\u00bb _builder_version=\u00bb4.19.5&#8243; _module_preset=\u00bbdefault\u00bb header_font=\u00bb|700||on|||||\u00bb header_text_align=\u00bbcenter\u00bb header_text_color=\u00bb#d5a600&#8243; body_font=\u00bb||||||||\u00bb body_text_color=\u00bb#003546&#8243; text_orientation=\u00bbcenter\u00bb global_colors_info=\u00bb{}\u00bb]<\/p>\n<p><span><a href=\"mailto:mcruz@medicina.ulisboa.pt\">mcruz@medicina.ulisboa.pt<\/a><\/span><\/p>\n<p>[\/et_pb_blurb][\/et_pb_column][et_pb_column type=\u00bb1_3&#8243; _builder_version=\u00bb4.19.5&#8243; _module_preset=\u00bbdefault\u00bb global_colors_info=\u00bb{}\u00bb][et_pb_blurb title=\u00bbPhone\u00bb use_icon=\u00bbon\u00bb font_icon=\u00bb&#xf2a0;||fa||900&#8243; image_icon_background_color=\u00bbRGBA(255,255,255,0)\u00bb image_icon_width=\u00bb40px\u00bb _builder_version=\u00bb4.19.5&#8243; _module_preset=\u00bbdefault\u00bb header_font=\u00bb|700||on|||||\u00bb header_text_align=\u00bbcenter\u00bb header_text_color=\u00bb#d5a600&#8243; body_font=\u00bb||||||||\u00bb body_text_color=\u00bb#003546&#8243; text_orientation=\u00bbcenter\u00bb global_colors_info=\u00bb{}\u00bb]<\/p>\n<p>(+351) 21 00 85 00<\/p>\n<p>[\/et_pb_blurb][\/et_pb_column][\/et_pb_row][\/et_pb_section]<\/p>\n","protected":false},"excerpt":{"rendered":"<p>WHO WE AREThe orofacial sleep Academy (OSA) is an international, independent, interdisciplinary faculty that provides educational courses for advancing knowledge of orofacial sleep medicine in its relationship to science and patient care.Our missionOur academy aims to empower health professionals of various fields and students to strengthen their expertise in orofacial sleep medicine.Course offerThe first OSA [&hellip;]<\/p>\n","protected":false},"author":2,"featured_media":0,"parent":0,"menu_order":0,"comment_status":"closed","ping_status":"closed","template":"","meta":{"_et_pb_use_builder":"on","_et_pb_old_content":"","_et_gb_content_width":"","footnotes":""},"class_list":["post-33","page","type-page","status-publish","hentry"],"_links":{"self":[{"href":"https:\/\/orofacialsleepacademy.com\/index.php?rest_route=\/wp\/v2\/pages\/33","targetHints":{"allow":["GET"]}}],"collection":[{"href":"https:\/\/orofacialsleepacademy.com\/index.php?rest_route=\/wp\/v2\/pages"}],"about":[{"href":"https:\/\/orofacialsleepacademy.com\/index.php?rest_route=\/wp\/v2\/types\/page"}],"author":[{"embeddable":true,"href":"https:\/\/orofacialsleepacademy.com\/index.php?rest_route=\/wp\/v2\/users\/2"}],"replies":[{"embeddable":true,"href":"https:\/\/orofacialsleepacademy.com\/index.php?rest_route=%2Fwp%2Fv2%2Fcomments&post=33"}],"version-history":[{"count":15,"href":"https:\/\/orofacialsleepacademy.com\/index.php?rest_route=\/wp\/v2\/pages\/33\/revisions"}],"predecessor-version":[{"id":87,"href":"https:\/\/orofacialsleepacademy.com\/index.php?rest_route=\/wp\/v2\/pages\/33\/revisions\/87"}],"wp:attachment":[{"href":"https:\/\/orofacialsleepacademy.com\/index.php?rest_route=%2Fwp%2Fv2%2Fmedia&parent=33"}],"curies":[{"name":"wp","href":"https:\/\/api.w.org\/{rel}","templated":true}]}}